{"id":23,"date":"2025-11-17T10:16:54","date_gmt":"2025-11-17T10:16:54","guid":{"rendered":"https:\/\/hunrolee-schlagzeug.ch\/?page_id=23"},"modified":"2025-11-21T10:06:21","modified_gmt":"2025-11-21T09:06:21","slug":"home","status":"publish","type":"page","link":"https:\/\/hunrolee-schlagzeug.ch\/","title":{"rendered":"\u00dcber Mich"},"content":{"rendered":"\n<figure class=\"wp-block-gallery alignright has-nested-images columns-default is-cropped wp-block-gallery-1 is-layout-flex wp-block-gallery-is-layout-flex\">\n<figure class=\"wp-block-image size-large\"><img loading=\"lazy\" decoding=\"async\" width=\"738\" height=\"1024\" data-id=\"171\" src=\"https:\/\/hunrolee-schlagzeug.ch\/wp-content\/uploads\/2025\/11\/0A8A5052-1-738x1024.jpg\" alt=\"\" class=\"wp-image-171\" srcset=\"https:\/\/hunrolee-schlagzeug.ch\/wp-content\/uploads\/2025\/11\/0A8A5052-1-738x1024.jpg 738w, https:\/\/hunrolee-schlagzeug.ch\/wp-content\/uploads\/2025\/11\/0A8A5052-1-216x300.jpg 216w, https:\/\/hunrolee-schlagzeug.ch\/wp-content\/uploads\/2025\/11\/0A8A5052-1.jpg 1332w\" sizes=\"auto, (max-width: 738px) 100vw, 738px\" \/><\/figure>\n<\/figure>\n\n\n\n<p>Hunro Lee studierte zun\u00e4chst an der Seokyeong Universit\u00e4t in Seoul und setzte 2023 seine Ausbildung an der Z\u00fcrcher Hochschule der K\u00fcnste (ZHdK) fort, wo er seinen ersten Masterabschluss (Master Music Performance) absolvierte. Derzeit verfolgt er den Master Specialized Music Performance \u2013 Major Orchester und studiert bei den Professoren Klaus Schw\u00e4rzler, Benjamin Forster und Raphael Christen.<\/p>\n\n\n\n<p><a href=\"https:\/\/hunrolee-schlagzeug.ch\/index.php\/biografie\/\" data-type=\"page\" data-id=\"33\">Mehr lesen<\/a><\/p>\n\n\n\n<figure class=\"wp-block-image alignfull size-full\"><img decoding=\"async\" src=\"https:\/\/hunrolee-schlagzeug.ch\/wp-content\/uploads\/2025\/11\/0A8A5115-5-1.jpg\" alt=\"\" class=\"wp-image-59\"\/><\/figure>\n","protected":false},"excerpt":{"rendered":"<p>Hunro Lee studierte zun\u00e4chst an der Seokyeong Universit\u00e4t in Seoul und setzte 2023 seine Ausbildung an der Z\u00fcrcher Hochschule der K\u00fcnste (ZHdK) fort, wo er seinen ersten Masterabschluss (Master Music Performance) absolvierte. Derzeit verfolgt er den Master Specialized Music Performance \u2013 Major Orchester und studiert bei den Professoren Klaus Schw\u00e4rzler, Benjamin Forster und Raphael Christen. &hellip; <\/p>\n<p class=\"link-more\"><a href=\"https:\/\/hunrolee-schlagzeug.ch\/\" class=\"more-link\">Mehr <span class=\"screen-reader-text\">\u00fcber &#8222;\u00dcber Mich&#8220; <\/span>Lesen<\/a><\/p>\n","protected":false},"author":1,"featured_media":0,"parent":0,"menu_order":0,"comment_status":"closed","ping_status":"closed","template":"","meta":{"inspiro_hide_title":false,"footnotes":""},"class_list":["post-23","page","type-page","status-publish","hentry"],"yoast_head":"<!-- This site is optimized with the Yoast SEO plugin v27.4 - https:\/\/yoast.com\/product\/yoast-seo-wordpress\/ -->\n<title>\u00dcber Mich - Hunro Lee - Schlagzeuger<\/title>\n<meta name=\"robots\" content=\"index, follow, max-snippet:-1, max-image-preview:large, max-video-preview:-1\" \/>\n<link rel=\"canonical\" href=\"https:\/\/hunrolee-schlagzeug.ch\/\" \/>\n<meta property=\"og:locale\" content=\"de_DE\" \/>\n<meta property=\"og:type\" content=\"article\" \/>\n<meta property=\"og:title\" content=\"\u00dcber Mich - Hunro Lee - Schlagzeuger\" \/>\n<meta property=\"og:description\" content=\"Hunro Lee studierte zun\u00e4chst an der Seokyeong Universit\u00e4t in Seoul und setzte 2023 seine Ausbildung an der Z\u00fcrcher Hochschule der K\u00fcnste (ZHdK) fort, wo er seinen ersten Masterabschluss (Master Music Performance) absolvierte. Derzeit verfolgt er den Master Specialized Music Performance \u2013 Major Orchester und studiert bei den Professoren Klaus Schw\u00e4rzler, Benjamin Forster und Raphael Christen. &hellip; Mehr \u00fcber &quot;\u00dcber Mich&quot; Lesen\" \/>\n<meta property=\"og:url\" content=\"https:\/\/hunrolee-schlagzeug.ch\/\" \/>\n<meta property=\"og:site_name\" content=\"Hunro Lee - Schlagzeuger\" \/>\n<meta property=\"article:modified_time\" content=\"2025-11-21T09:06:21+00:00\" \/>\n<meta property=\"og:image\" content=\"https:\/\/hunrolee-schlagzeug.ch\/wp-content\/uploads\/2025\/11\/0A8A5052-1.jpg\" \/>\n\t<meta property=\"og:image:width\" content=\"1332\" \/>\n\t<meta property=\"og:image:height\" content=\"1848\" \/>\n\t<meta property=\"og:image:type\" content=\"image\/jpeg\" \/>\n<meta name=\"twitter:card\" content=\"summary_large_image\" \/>\n<script type=\"application\/ld+json\" class=\"yoast-schema-graph\">{\"@context\":\"https:\\\/\\\/schema.org\",\"@graph\":[{\"@type\":\"WebPage\",\"@id\":\"https:\\\/\\\/hunrolee-schlagzeug.ch\\\/\",\"url\":\"https:\\\/\\\/hunrolee-schlagzeug.ch\\\/\",\"name\":\"\u00dcber Mich - Hunro Lee - Schlagzeuger\",\"isPartOf\":{\"@id\":\"https:\\\/\\\/hunrolee-schlagzeug.ch\\\/#website\"},\"primaryImageOfPage\":{\"@id\":\"https:\\\/\\\/hunrolee-schlagzeug.ch\\\/#primaryimage\"},\"image\":{\"@id\":\"https:\\\/\\\/hunrolee-schlagzeug.ch\\\/#primaryimage\"},\"thumbnailUrl\":\"https:\\\/\\\/hunrolee-schlagzeug.ch\\\/wp-content\\\/uploads\\\/2025\\\/11\\\/0A8A5052-1-738x1024.jpg\",\"datePublished\":\"2025-11-17T10:16:54+00:00\",\"dateModified\":\"2025-11-21T09:06:21+00:00\",\"breadcrumb\":{\"@id\":\"https:\\\/\\\/hunrolee-schlagzeug.ch\\\/#breadcrumb\"},\"inLanguage\":\"de\",\"potentialAction\":[{\"@type\":\"ReadAction\",\"target\":[\"https:\\\/\\\/hunrolee-schlagzeug.ch\\\/\"]}]},{\"@type\":\"ImageObject\",\"inLanguage\":\"de\",\"@id\":\"https:\\\/\\\/hunrolee-schlagzeug.ch\\\/#primaryimage\",\"url\":\"https:\\\/\\\/hunrolee-schlagzeug.ch\\\/wp-content\\\/uploads\\\/2025\\\/11\\\/0A8A5052-1.jpg\",\"contentUrl\":\"https:\\\/\\\/hunrolee-schlagzeug.ch\\\/wp-content\\\/uploads\\\/2025\\\/11\\\/0A8A5052-1.jpg\",\"width\":1332,\"height\":1848},{\"@type\":\"BreadcrumbList\",\"@id\":\"https:\\\/\\\/hunrolee-schlagzeug.ch\\\/#breadcrumb\",\"itemListElement\":[{\"@type\":\"ListItem\",\"position\":1,\"name\":\"Startseite\",\"item\":\"https:\\\/\\\/hunrolee-schlagzeug.ch\\\/\"},{\"@type\":\"ListItem\",\"position\":2,\"name\":\"\u00dcber Mich\"}]},{\"@type\":\"WebSite\",\"@id\":\"https:\\\/\\\/hunrolee-schlagzeug.ch\\\/#website\",\"url\":\"https:\\\/\\\/hunrolee-schlagzeug.ch\\\/\",\"name\":\"Hunro Lee - Schlagzeuger\",\"description\":\"\",\"potentialAction\":[{\"@type\":\"SearchAction\",\"target\":{\"@type\":\"EntryPoint\",\"urlTemplate\":\"https:\\\/\\\/hunrolee-schlagzeug.ch\\\/?s={search_term_string}\"},\"query-input\":{\"@type\":\"PropertyValueSpecification\",\"valueRequired\":true,\"valueName\":\"search_term_string\"}}],\"inLanguage\":\"de\"}]}<\/script>\n<!-- \/ Yoast SEO plugin. -->","yoast_head_json":{"title":"\u00dcber Mich - Hunro Lee - Schlagzeuger","robots":{"index":"index","follow":"follow","max-snippet":"max-snippet:-1","max-image-preview":"max-image-preview:large","max-video-preview":"max-video-preview:-1"},"canonical":"https:\/\/hunrolee-schlagzeug.ch\/","og_locale":"de_DE","og_type":"article","og_title":"\u00dcber Mich - Hunro Lee - Schlagzeuger","og_description":"Hunro Lee studierte zun\u00e4chst an der Seokyeong Universit\u00e4t in Seoul und setzte 2023 seine Ausbildung an der Z\u00fcrcher Hochschule der K\u00fcnste (ZHdK) fort, wo er seinen ersten Masterabschluss (Master Music Performance) absolvierte. Derzeit verfolgt er den Master Specialized Music Performance \u2013 Major Orchester und studiert bei den Professoren Klaus Schw\u00e4rzler, Benjamin Forster und Raphael Christen. &hellip; Mehr \u00fcber \"\u00dcber Mich\" Lesen","og_url":"https:\/\/hunrolee-schlagzeug.ch\/","og_site_name":"Hunro Lee - Schlagzeuger","article_modified_time":"2025-11-21T09:06:21+00:00","og_image":[{"width":1332,"height":1848,"url":"https:\/\/hunrolee-schlagzeug.ch\/wp-content\/uploads\/2025\/11\/0A8A5052-1.jpg","type":"image\/jpeg"}],"twitter_card":"summary_large_image","schema":{"@context":"https:\/\/schema.org","@graph":[{"@type":"WebPage","@id":"https:\/\/hunrolee-schlagzeug.ch\/","url":"https:\/\/hunrolee-schlagzeug.ch\/","name":"\u00dcber Mich - Hunro Lee - Schlagzeuger","isPartOf":{"@id":"https:\/\/hunrolee-schlagzeug.ch\/#website"},"primaryImageOfPage":{"@id":"https:\/\/hunrolee-schlagzeug.ch\/#primaryimage"},"image":{"@id":"https:\/\/hunrolee-schlagzeug.ch\/#primaryimage"},"thumbnailUrl":"https:\/\/hunrolee-schlagzeug.ch\/wp-content\/uploads\/2025\/11\/0A8A5052-1-738x1024.jpg","datePublished":"2025-11-17T10:16:54+00:00","dateModified":"2025-11-21T09:06:21+00:00","breadcrumb":{"@id":"https:\/\/hunrolee-schlagzeug.ch\/#breadcrumb"},"inLanguage":"de","potentialAction":[{"@type":"ReadAction","target":["https:\/\/hunrolee-schlagzeug.ch\/"]}]},{"@type":"ImageObject","inLanguage":"de","@id":"https:\/\/hunrolee-schlagzeug.ch\/#primaryimage","url":"https:\/\/hunrolee-schlagzeug.ch\/wp-content\/uploads\/2025\/11\/0A8A5052-1.jpg","contentUrl":"https:\/\/hunrolee-schlagzeug.ch\/wp-content\/uploads\/2025\/11\/0A8A5052-1.jpg","width":1332,"height":1848},{"@type":"BreadcrumbList","@id":"https:\/\/hunrolee-schlagzeug.ch\/#breadcrumb","itemListElement":[{"@type":"ListItem","position":1,"name":"Startseite","item":"https:\/\/hunrolee-schlagzeug.ch\/"},{"@type":"ListItem","position":2,"name":"\u00dcber Mich"}]},{"@type":"WebSite","@id":"https:\/\/hunrolee-schlagzeug.ch\/#website","url":"https:\/\/hunrolee-schlagzeug.ch\/","name":"Hunro Lee - Schlagzeuger","description":"","potentialAction":[{"@type":"SearchAction","target":{"@type":"EntryPoint","urlTemplate":"https:\/\/hunrolee-schlagzeug.ch\/?s={search_term_string}"},"query-input":{"@type":"PropertyValueSpecification","valueRequired":true,"valueName":"search_term_string"}}],"inLanguage":"de"}]}},"_links":{"self":[{"href":"https:\/\/hunrolee-schlagzeug.ch\/index.php\/wp-json\/wp\/v2\/pages\/23","targetHints":{"allow":["GET"]}}],"collection":[{"href":"https:\/\/hunrolee-schlagzeug.ch\/index.php\/wp-json\/wp\/v2\/pages"}],"about":[{"href":"https:\/\/hunrolee-schlagzeug.ch\/index.php\/wp-json\/wp\/v2\/types\/page"}],"author":[{"embeddable":true,"href":"https:\/\/hunrolee-schlagzeug.ch\/index.php\/wp-json\/wp\/v2\/users\/1"}],"replies":[{"embeddable":true,"href":"https:\/\/hunrolee-schlagzeug.ch\/index.php\/wp-json\/wp\/v2\/comments?post=23"}],"version-history":[{"count":15,"href":"https:\/\/hunrolee-schlagzeug.ch\/index.php\/wp-json\/wp\/v2\/pages\/23\/revisions"}],"predecessor-version":[{"id":187,"href":"https:\/\/hunrolee-schlagzeug.ch\/index.php\/wp-json\/wp\/v2\/pages\/23\/revisions\/187"}],"wp:attachment":[{"href":"https:\/\/hunrolee-schlagzeug.ch\/index.php\/wp-json\/wp\/v2\/media?parent=23"}],"curies":[{"name":"wp","href":"https:\/\/api.w.org\/{rel}","templated":true}]}}